{"id":15673,"date":"2020-10-15T09:58:16","date_gmt":"2020-10-15T07:58:16","guid":{"rendered":"https:\/\/www.pixia.es\/web\/?page_id=15673"},"modified":"2026-02-25T23:19:25","modified_gmt":"2026-02-25T22:19:25","slug":"clientes","status":"publish","type":"page","link":"https:\/\/www.pixia.es\/web\/clientes\/","title":{"rendered":"Clientes"},"content":{"rendered":"<p>[et_pb_section fb_built=&#8221;1&#8243; custom_padding_last_edited=&#8221;off|phone&#8221; admin_label=&#8221;Header&#8221; _builder_version=&#8221;4.16&#8243; use_background_color_gradient=&#8221;on&#8221; background_color_gradient_stops=&#8221;rgba(0,0,0,0.5) 0%|#000000 100%&#8221; background_color_gradient_overlays_image=&#8221;on&#8221; background_color_gradient_start=&#8221;rgba(0,0,0,0.5)&#8221; background_color_gradient_end=&#8221;#000000&#8243; background_image=&#8221;https:\/\/www.pixia.es\/web\/wp-content\/uploads\/2020\/01\/theater-02.jpg&#8221; custom_padding=&#8221;0vw||0vw||true|false&#8221; locked=&#8221;off&#8221; global_colors_info=&#8221;{}&#8221;][et_pb_row _builder_version=&#8221;4.16&#8243; global_colors_info=&#8221;{}&#8221;][et_pb_column type=&#8221;4_4&#8243; _builder_version=&#8221;4.16&#8243; global_colors_info=&#8221;{}&#8221;][et_pb_text _builder_version=&#8221;4.19.4&#8243; text_text_color=&#8221;rgba(255,255,255,0.5)&#8221; text_font_size=&#8221;16px&#8221; text_line_height=&#8221;1.8em&#8221; header_font=&#8221;Montserrat|300||on|||||&#8221; header_font_size=&#8221;6vw&#8221; header_line_height=&#8221;1.2em&#8221; header_3_font=&#8221;Montserrat|700||on|||||&#8221; header_3_text_color=&#8221;#f9002b&#8221; header_3_font_size=&#8221;16px&#8221; header_3_letter_spacing=&#8221;2px&#8221; header_3_line_height=&#8221;1.4em&#8221; background_layout=&#8221;dark&#8221; custom_padding=&#8221;||0px|||&#8221; header_3_font_size_tablet=&#8221;14px&#8221; header_3_font_size_phone=&#8221;&#8221; header_3_font_size_last_edited=&#8221;on|phone&#8221; text_text_align=&#8221;left&#8221; locked=&#8221;off&#8221; global_colors_info=&#8221;{}&#8221;]<\/p>\n<h3>CLIENTES<\/h3>\n<h1><\/h1>\n<p><strong>Algunas de las muchas empresas, instituciones y entes con los que hemos hecho cosas en estos \u00faltimos 20 a\u00f1os<\/strong><\/p>\n<p><strong><\/strong><\/p>\n<p>[\/et_pb_text][\/et_pb_column][\/et_pb_row][\/et_pb_section][et_pb_section fb_built=&#8221;1&#8243; admin_label=&#8221;Movies&#8221; _builder_version=&#8221;4.16&#8243; background_color=&#8221;#000000&#8243; background_image=&#8221;https:\/\/www.pixia.es\/web\/wp-content\/uploads\/img-estructura-web\/web\/fondos-cabeceras-marketing-ciudad-rojo\/ciudad\/fondo8.jpg&#8221; parallax=&#8221;on&#8221; parallax_method=&#8221;off&#8221; global_colors_info=&#8221;{}&#8221;][et_pb_row column_structure=&#8221;1_4,1_4,1_4,1_4&#8243; use_custom_gutter=&#8221;on&#8221; gutter_width=&#8221;2&#8243; _builder_version=&#8221;4.18.0&#8243; width_tablet=&#8221;80%&#8221; width_last_edited=&#8221;off|tablet&#8221; max_width=&#8221;none&#8221; locked=&#8221;off&#8221; global_colors_info=&#8221;{}&#8221;][et_pb_column type=&#8221;1_4&#8243; _builder_version=&#8221;4.16&#8243; global_colors_info=&#8221;{}&#8221;][et_pb_text _builder_version=&#8221;4.27.5&#8243; text_font=&#8221;|800|||||||&#8221; text_text_color=&#8221;#FFFFFF&#8221; text_font_size=&#8221;21px&#8221; width=&#8221;100%&#8221; custom_padding=&#8221;|0px||||&#8221; global_colors_info=&#8221;{}&#8221;]<\/p>\n<p><span style=\"color: #ffffff;\">Gencat<br \/><\/span><br \/><span style=\"color: #ffffff;\">Aj. de Barcelona<br \/><\/span><span style=\"color: #ffffff;\"><br \/><\/span><span style=\"color: #ffffff;\">Dip. de Lleida<\/p>\n<p>PCiTAL<br \/><\/span><br \/><span style=\"color: #ffffff;\">Fira de Lleida<\/p>\n<p>Fira de Barcelona<br \/><\/span><br \/><span style=\"color: #ffffff;\">UdL<\/p>\n<p><\/span><span style=\"color: #ffffff;\">La Llotja de Lleida<\/p>\n<p><\/span><span style=\"color: #ffffff;\">Aeroports de Catalunya<br \/><\/span><span style=\"color: #ffffff;\"><br \/><span>Pagessos Solidaris<\/span><br \/><\/span><\/p>\n<p><span style=\"color: #ffffff;\"><\/span><\/p>\n<p><span style=\"color: #ffffff;\"><\/span><\/p>\n<p><span style=\"color: #ffffff;\"><\/span><\/p>\n<p>[\/et_pb_text][\/et_pb_column][et_pb_column type=&#8221;1_4&#8243; _builder_version=&#8221;4.16&#8243; global_colors_info=&#8221;{}&#8221;][et_pb_text _builder_version=&#8221;4.27.5&#8243; text_font=&#8221;|800|||||||&#8221; text_text_color=&#8221;#FFFFFF&#8221; text_font_size=&#8221;21px&#8221; global_colors_info=&#8221;{}&#8221;]<\/p>\n<p><span style=\"color: #ffffff;\">Sony BMG<br \/><\/span><br \/><span style=\"color: #ffffff;\">Ant\u00e0rtida<br \/><\/span><br \/><span style=\"color: #ffffff;\">Pica Lletres<br \/><\/span><br \/><span style=\"color: #ffffff;\">Segon Origen<br \/><\/span><br \/><span style=\"color: #ffffff;\">Energia 3D<br \/><\/span><br \/><span style=\"color: #ffffff;\"><span>Magical<\/span><\/span><\/p>\n<p>Nuvedia<\/p>\n<p>Bossa Records<\/p>\n<p>Tecnio<\/p>\n<p>Betula Alba<\/p>\n<p>[\/et_pb_text][\/et_pb_column][et_pb_column type=&#8221;1_4&#8243; _builder_version=&#8221;4.16&#8243; global_colors_info=&#8221;{}&#8221;][et_pb_text _builder_version=&#8221;4.27.5&#8243; text_font=&#8221;|800|||||||&#8221; text_text_color=&#8221;#FFFFFF&#8221; text_font_size=&#8221;21px&#8221; global_colors_info=&#8221;{}&#8221;]<\/p>\n<p><span style=\"color: #ffffff;\">Telef\u00f3nica<\/span><\/p>\n<p>Materials Pi\u00f1ol<\/p>\n<p><span style=\"color: #ffffff;\">Transport Rapit<br \/><\/span><br \/><span style=\"color: #ffffff;\">Ambulancias Sanjuan<\/span><\/p>\n<p><span style=\"color: #ffffff;\">Frilesa<\/span><\/p>\n<p><span style=\"color: #ffffff;\">Makato<\/span><\/p>\n<p><span>API Lleida<\/span><\/p>\n<p>Credifinca<\/p>\n<p>Finques Mallol<\/p>\n<p><span style=\"color: #ffffff;\"><span>Ecobiogas<\/span><\/span><\/p>\n<p>&nbsp;<\/p>\n<p>[\/et_pb_text][\/et_pb_column][et_pb_column type=&#8221;1_4&#8243; _builder_version=&#8221;4.16&#8243; global_colors_info=&#8221;{}&#8221;][et_pb_text _builder_version=&#8221;4.27.5&#8243; text_font=&#8221;|800|||||||&#8221; text_text_color=&#8221;#FFFFFF&#8221; text_font_size=&#8221;21px&#8221; global_colors_info=&#8221;{}&#8221;]<\/p>\n<p><span style=\"color: #ffffff;\">Lleidam\u00f2bil<br \/><\/span><br \/><span style=\"color: #ffffff;\">Autostar<\/p>\n<p><\/span><span style=\"color: #ffffff;\">Uniauto<br \/><\/span><br \/><span style=\"color: #ffffff;\">Autocomarques<\/span><\/p>\n<p><span style=\"color: #ffffff;\">Grupo Nayox<\/span><\/p>\n<p>Ilerfred<\/p>\n<p>SIC 24<\/p>\n<p><span>Torn\u00e9 Casals<\/span><\/p>\n<p>Games Play to Earn<\/p>\n<p>Creepy Escape<\/p>\n<p><span style=\"color: #ffffff;\"><span><\/span><\/span><\/p>\n<p>[\/et_pb_text][\/et_pb_column][\/et_pb_row][\/et_pb_section][et_pb_section fb_built=&#8221;1&#8243; admin_label=&#8221;CTA&#8221; _builder_version=&#8221;4.16&#8243; background_color=&#8221;#000000&#8243; custom_padding=&#8221;1px||11px|||&#8221; locked=&#8221;off&#8221; global_colors_info=&#8221;{}&#8221;][et_pb_row _builder_version=&#8221;4.18.0&#8243; width=&#8221;100%&#8221; custom_padding=&#8221;61px|||||&#8221; global_colors_info=&#8221;{}&#8221;][et_pb_column type=&#8221;4_4&#8243; _builder_version=&#8221;4.16&#8243; global_colors_info=&#8221;{}&#8221;][et_pb_slider show_pagination=&#8221;off&#8221; _builder_version=&#8221;4.24.3&#8243; use_background_color_gradient=&#8221;on&#8221; background_color_gradient_stops=&#8221;#c11b1b 0%|#ef1c6d 100%&#8221; height=&#8221;200px&#8221; max_height=&#8221;200px&#8221; custom_margin=&#8221;-3px||||false|false&#8221; custom_padding=&#8221;19px||28px|51px|false|false&#8221; auto=&#8221;on&#8221; auto_speed=&#8221;4000&#8243; global_colors_info=&#8221;{}&#8221;][et_pb_slide heading=&#8221;Pixia te ayuda a:&#8221; use_bg_overlay=&#8221;on&#8221; bg_overlay_color=&#8221;RGBA(0,0,0,0.4)&#8221; use_text_overlay=&#8221;off&#8221; _builder_version=&#8221;4.24.3&#8243; background_color=&#8221;#000000&#8243; background_enable_color=&#8221;on&#8221; global_colors_info=&#8221;{}&#8221; sticky_transition=&#8221;on&#8221;][\/et_pb_slide][et_pb_slide heading=&#8221;Mejorar tu presencia online&#8221; use_bg_overlay=&#8221;on&#8221; bg_overlay_color=&#8221;RGBA(0,0,0,0.4)&#8221; use_text_overlay=&#8221;off&#8221; _builder_version=&#8221;4.24.3&#8243; global_colors_info=&#8221;{}&#8221; sticky_transition=&#8221;on&#8221;][\/et_pb_slide][et_pb_slide heading=&#8221;Aumentar tus ventas&#8221; use_bg_overlay=&#8221;on&#8221; bg_overlay_color=&#8221;RGBA(0,0,0,0.4)&#8221; use_text_overlay=&#8221;off&#8221; _builder_version=&#8221;4.24.3&#8243; global_colors_info=&#8221;{}&#8221; sticky_transition=&#8221;on&#8221;][\/et_pb_slide][et_pb_slide heading=&#8221;Fidelizar a tus clientes&#8221; use_bg_overlay=&#8221;on&#8221; bg_overlay_color=&#8221;RGBA(0,0,0,0.4)&#8221; use_text_overlay=&#8221;off&#8221; _builder_version=&#8221;4.24.3&#8243; global_colors_info=&#8221;{}&#8221; sticky_transition=&#8221;on&#8221;][\/et_pb_slide][et_pb_slide heading=&#8221;Conseguir tus objetivos de marketing&#8221; use_bg_overlay=&#8221;on&#8221; bg_overlay_color=&#8221;RGBA(0,0,0,0.4)&#8221; use_text_overlay=&#8221;off&#8221; _builder_version=&#8221;4.24.3&#8243; global_colors_info=&#8221;{}&#8221; sticky_transition=&#8221;on&#8221;][\/et_pb_slide][\/et_pb_slider][\/et_pb_column][\/et_pb_row][\/et_pb_section]<\/p>\n","protected":false},"excerpt":{"rendered":"<p>CLIENTES Algunas de las muchas empresas, instituciones y entes con los que hemos hecho cosas en estos \u00faltimos 20 a\u00f1os GencatAj. de BarcelonaDip. de LleidaPCiTALFira de LleidaFira de BarcelonaUdLLa Llotja de LleidaAeroports de CatalunyaPagessos Solidaris Sony BMGAnt\u00e0rtidaPica LletresSegon OrigenEnergia 3DMagical Nuvedia Bossa Records Tecnio Betula AlbaTelef\u00f3nica Materials Pi\u00f1olTransport RapitAmbulancias Sanjuan Frilesa Makato API Lleida Credifinca [&hellip;]<\/p>\n","protected":false},"author":1,"featured_media":0,"parent":0,"menu_order":0,"comment_status":"closed","ping_status":"closed","template":"","meta":{"_et_pb_use_builder":"on","_et_pb_old_content":"","_et_gb_content_width":"","_monsterinsights_skip_tracking":false,"_monsterinsights_sitenote_active":false,"_monsterinsights_sitenote_note":"","_monsterinsights_sitenote_category":0,"_uf_show_specific_survey":0,"_uf_disable_surveys":false,"footnotes":""},"class_list":["post-15673","page","type-page","status-publish","hentry"],"yoast_head":"<!-- This site is optimized with the Yoast SEO plugin v27.4 - https:\/\/yoast.com\/product\/yoast-seo-wordpress\/ -->\n<title>Clientes - Pixia - Dise\u00f1o p\u00e1ginas web, redes sociales, SEO, marketing, APPs, dise\u00f1o<\/title>\n<meta name=\"robots\" content=\"index, follow, max-snippet:-1, max-image-preview:large, max-video-preview:-1\" \/>\n<link rel=\"canonical\" href=\"https:\/\/www.pixia.es\/web\/clientes\/\" \/>\n<meta property=\"og:locale\" content=\"es_ES\" \/>\n<meta property=\"og:type\" content=\"article\" \/>\n<meta property=\"og:title\" content=\"Clientes - Pixia - Dise\u00f1o p\u00e1ginas web, redes sociales, SEO, marketing, APPs, dise\u00f1o\" \/>\n<meta property=\"og:description\" content=\"CLIENTES Algunas de las muchas empresas, instituciones y entes con los que hemos hecho cosas en estos \u00faltimos 20 a\u00f1os GencatAj. de BarcelonaDip. de LleidaPCiTALFira de LleidaFira de BarcelonaUdLLa Llotja de LleidaAeroports de CatalunyaPagessos Solidaris Sony BMGAnt\u00e0rtidaPica LletresSegon OrigenEnergia 3DMagical Nuvedia Bossa Records Tecnio Betula AlbaTelef\u00f3nica Materials Pi\u00f1olTransport RapitAmbulancias Sanjuan Frilesa Makato API Lleida Credifinca [&hellip;]\" \/>\n<meta property=\"og:url\" content=\"https:\/\/www.pixia.es\/web\/clientes\/\" \/>\n<meta property=\"og:site_name\" content=\"Pixia - Dise\u00f1o p\u00e1ginas web, redes sociales, SEO, marketing, APPs, dise\u00f1o\" \/>\n<meta property=\"article:modified_time\" content=\"2026-02-25T22:19:25+00:00\" \/>\n<meta name=\"twitter:card\" content=\"summary_large_image\" \/>\n<meta name=\"twitter:label1\" content=\"Tiempo de lectura\" \/>\n\t<meta name=\"twitter:data1\" content=\"4 minutos\" \/>\n<script type=\"application\/ld+json\" class=\"yoast-schema-graph\">{\"@context\":\"https:\\\/\\\/schema.org\",\"@graph\":[{\"@type\":\"WebPage\",\"@id\":\"https:\\\/\\\/www.pixia.es\\\/web\\\/clientes\\\/\",\"url\":\"https:\\\/\\\/www.pixia.es\\\/web\\\/clientes\\\/\",\"name\":\"Clientes - Pixia - Dise\u00f1o p\u00e1ginas web, redes sociales, SEO, marketing, APPs, dise\u00f1o\",\"isPartOf\":{\"@id\":\"https:\\\/\\\/www.pixia.es\\\/web\\\/#website\"},\"datePublished\":\"2020-10-15T07:58:16+00:00\",\"dateModified\":\"2026-02-25T22:19:25+00:00\",\"breadcrumb\":{\"@id\":\"https:\\\/\\\/www.pixia.es\\\/web\\\/clientes\\\/#breadcrumb\"},\"inLanguage\":\"es\",\"potentialAction\":[{\"@type\":\"ReadAction\",\"target\":[\"https:\\\/\\\/www.pixia.es\\\/web\\\/clientes\\\/\"]}]},{\"@type\":\"BreadcrumbList\",\"@id\":\"https:\\\/\\\/www.pixia.es\\\/web\\\/clientes\\\/#breadcrumb\",\"itemListElement\":[{\"@type\":\"ListItem\",\"position\":1,\"name\":\"Portada\",\"item\":\"https:\\\/\\\/www.pixia.es\\\/web\\\/\"},{\"@type\":\"ListItem\",\"position\":2,\"name\":\"Clientes\"}]},{\"@type\":\"WebSite\",\"@id\":\"https:\\\/\\\/www.pixia.es\\\/web\\\/#website\",\"url\":\"https:\\\/\\\/www.pixia.es\\\/web\\\/\",\"name\":\"Pixia - Dise\u00f1o p\u00e1ginas web, redes sociales, SEO, marketing, APPs, dise\u00f1o\",\"description\":\"Dise\u00f1o p\u00e1ginas web, comercio electr\u00f3nico, redes sociales, imagen corporativa, SEO, posicionamiento, marketing, APPs\",\"publisher\":{\"@id\":\"https:\\\/\\\/www.pixia.es\\\/web\\\/#organization\"},\"potentialAction\":[{\"@type\":\"SearchAction\",\"target\":{\"@type\":\"EntryPoint\",\"urlTemplate\":\"https:\\\/\\\/www.pixia.es\\\/web\\\/?s={search_term_string}\"},\"query-input\":{\"@type\":\"PropertyValueSpecification\",\"valueRequired\":true,\"valueName\":\"search_term_string\"}}],\"inLanguage\":\"es\"},{\"@type\":\"Organization\",\"@id\":\"https:\\\/\\\/www.pixia.es\\\/web\\\/#organization\",\"name\":\"Pixia\",\"url\":\"https:\\\/\\\/www.pixia.es\\\/web\\\/\",\"logo\":{\"@type\":\"ImageObject\",\"inLanguage\":\"es\",\"@id\":\"https:\\\/\\\/www.pixia.es\\\/web\\\/#\\\/schema\\\/logo\\\/image\\\/\",\"url\":\"https:\\\/\\\/www.pixia.es\\\/web\\\/wp-content\\\/uploads\\\/2019\\\/12\\\/logo_pixia.gif\",\"contentUrl\":\"https:\\\/\\\/www.pixia.es\\\/web\\\/wp-content\\\/uploads\\\/2019\\\/12\\\/logo_pixia.gif\",\"width\":124,\"height\":61,\"caption\":\"Pixia\"},\"image\":{\"@id\":\"https:\\\/\\\/www.pixia.es\\\/web\\\/#\\\/schema\\\/logo\\\/image\\\/\"}}]}<\/script>\n<!-- \/ Yoast SEO plugin. -->","yoast_head_json":{"title":"Clientes - Pixia - Dise\u00f1o p\u00e1ginas web, redes sociales, SEO, marketing, APPs, dise\u00f1o","robots":{"index":"index","follow":"follow","max-snippet":"max-snippet:-1","max-image-preview":"max-image-preview:large","max-video-preview":"max-video-preview:-1"},"canonical":"https:\/\/www.pixia.es\/web\/clientes\/","og_locale":"es_ES","og_type":"article","og_title":"Clientes - Pixia - Dise\u00f1o p\u00e1ginas web, redes sociales, SEO, marketing, APPs, dise\u00f1o","og_description":"CLIENTES Algunas de las muchas empresas, instituciones y entes con los que hemos hecho cosas en estos \u00faltimos 20 a\u00f1os GencatAj. de BarcelonaDip. de LleidaPCiTALFira de LleidaFira de BarcelonaUdLLa Llotja de LleidaAeroports de CatalunyaPagessos Solidaris Sony BMGAnt\u00e0rtidaPica LletresSegon OrigenEnergia 3DMagical Nuvedia Bossa Records Tecnio Betula AlbaTelef\u00f3nica Materials Pi\u00f1olTransport RapitAmbulancias Sanjuan Frilesa Makato API Lleida Credifinca [&hellip;]","og_url":"https:\/\/www.pixia.es\/web\/clientes\/","og_site_name":"Pixia - Dise\u00f1o p\u00e1ginas web, redes sociales, SEO, marketing, APPs, dise\u00f1o","article_modified_time":"2026-02-25T22:19:25+00:00","twitter_card":"summary_large_image","twitter_misc":{"Tiempo de lectura":"4 minutos"},"schema":{"@context":"https:\/\/schema.org","@graph":[{"@type":"WebPage","@id":"https:\/\/www.pixia.es\/web\/clientes\/","url":"https:\/\/www.pixia.es\/web\/clientes\/","name":"Clientes - Pixia - Dise\u00f1o p\u00e1ginas web, redes sociales, SEO, marketing, APPs, dise\u00f1o","isPartOf":{"@id":"https:\/\/www.pixia.es\/web\/#website"},"datePublished":"2020-10-15T07:58:16+00:00","dateModified":"2026-02-25T22:19:25+00:00","breadcrumb":{"@id":"https:\/\/www.pixia.es\/web\/clientes\/#breadcrumb"},"inLanguage":"es","potentialAction":[{"@type":"ReadAction","target":["https:\/\/www.pixia.es\/web\/clientes\/"]}]},{"@type":"BreadcrumbList","@id":"https:\/\/www.pixia.es\/web\/clientes\/#breadcrumb","itemListElement":[{"@type":"ListItem","position":1,"name":"Portada","item":"https:\/\/www.pixia.es\/web\/"},{"@type":"ListItem","position":2,"name":"Clientes"}]},{"@type":"WebSite","@id":"https:\/\/www.pixia.es\/web\/#website","url":"https:\/\/www.pixia.es\/web\/","name":"Pixia - Dise\u00f1o p\u00e1ginas web, redes sociales, SEO, marketing, APPs, dise\u00f1o","description":"Dise\u00f1o p\u00e1ginas web, comercio electr\u00f3nico, redes sociales, imagen corporativa, SEO, posicionamiento, marketing, APPs","publisher":{"@id":"https:\/\/www.pixia.es\/web\/#organization"},"potentialAction":[{"@type":"SearchAction","target":{"@type":"EntryPoint","urlTemplate":"https:\/\/www.pixia.es\/web\/?s={search_term_string}"},"query-input":{"@type":"PropertyValueSpecification","valueRequired":true,"valueName":"search_term_string"}}],"inLanguage":"es"},{"@type":"Organization","@id":"https:\/\/www.pixia.es\/web\/#organization","name":"Pixia","url":"https:\/\/www.pixia.es\/web\/","logo":{"@type":"ImageObject","inLanguage":"es","@id":"https:\/\/www.pixia.es\/web\/#\/schema\/logo\/image\/","url":"https:\/\/www.pixia.es\/web\/wp-content\/uploads\/2019\/12\/logo_pixia.gif","contentUrl":"https:\/\/www.pixia.es\/web\/wp-content\/uploads\/2019\/12\/logo_pixia.gif","width":124,"height":61,"caption":"Pixia"},"image":{"@id":"https:\/\/www.pixia.es\/web\/#\/schema\/logo\/image\/"}}]}},"_links":{"self":[{"href":"https:\/\/www.pixia.es\/web\/wp-json\/wp\/v2\/pages\/15673","targetHints":{"allow":["GET"]}}],"collection":[{"href":"https:\/\/www.pixia.es\/web\/wp-json\/wp\/v2\/pages"}],"about":[{"href":"https:\/\/www.pixia.es\/web\/wp-json\/wp\/v2\/types\/page"}],"author":[{"embeddable":true,"href":"https:\/\/www.pixia.es\/web\/wp-json\/wp\/v2\/users\/1"}],"replies":[{"embeddable":true,"href":"https:\/\/www.pixia.es\/web\/wp-json\/wp\/v2\/comments?post=15673"}],"version-history":[{"count":19,"href":"https:\/\/www.pixia.es\/web\/wp-json\/wp\/v2\/pages\/15673\/revisions"}],"predecessor-version":[{"id":21407,"href":"https:\/\/www.pixia.es\/web\/wp-json\/wp\/v2\/pages\/15673\/revisions\/21407"}],"wp:attachment":[{"href":"https:\/\/www.pixia.es\/web\/wp-json\/wp\/v2\/media?parent=15673"}],"curies":[{"name":"wp","href":"https:\/\/api.w.org\/{rel}","templated":true}]}}