{"id":16470,"date":"2020-11-21T10:08:41","date_gmt":"2020-11-21T09:08:41","guid":{"rendered":"https:\/\/www.pixia.es\/web\/?page_id=16470"},"modified":"2024-01-17T23:51:59","modified_gmt":"2024-01-17T22:51:59","slug":"formulario-te-llamamos-elige-tu-el-medio","status":"publish","type":"page","link":"https:\/\/www.pixia.es\/web\/formulario-te-llamamos-elige-tu-el-medio\/","title":{"rendered":"Formulario \u00bfTe llamamos? elige tu el medio"},"content":{"rendered":"<p>[et_pb_section fb_built=&#8221;1&#8243; specialty=&#8221;on&#8221; custom_padding_last_edited=&#8221;off|phone&#8221; admin_label=&#8221;Header&#8221; _builder_version=&#8221;4.16&#8243; use_background_color_gradient=&#8221;on&#8221; background_color_gradient_direction=&#8221;90deg&#8221; background_color_gradient_stops=&#8221;rgba(0,0,0,0.56) 30%|#000000 30%&#8221; background_color_gradient_overlays_image=&#8221;on&#8221; background_color_gradient_start=&#8221;rgba(0,0,0,0.56)&#8221; background_color_gradient_start_position=&#8221;30%&#8221; background_color_gradient_end=&#8221;#000000&#8243; background_color_gradient_end_position=&#8221;30%&#8221; background_image=&#8221;https:\/\/www.pixia.es\/web\/wp-content\/uploads\/2020\/01\/theater-02.jpg&#8221; custom_padding=&#8221;||||false|false&#8221; custom_padding_tablet=&#8221;||||false|false&#8221; custom_padding_phone=&#8221;|||10vw|false|false&#8221; background_color_tablet=&#8221;#000000&#8243; background_last_edited=&#8221;on|tablet&#8221; background_enable_color_tablet=&#8221;on&#8221; use_background_color_gradient_tablet=&#8221;off&#8221; background_color_gradient_stops_tablet=&#8221;rgba(0,0,0,0.56) 85%|#000000 85%&#8221; background_color_gradient_stops_phone=&#8221;rgba(0,0,0,0.56) 10%|#000000 10%&#8221; background_color_gradient_start_position_tablet=&#8221;85%&#8221; background_color_gradient_start_position_phone=&#8221;10%&#8221; background_color_gradient_end_position_tablet=&#8221;0%&#8221; background_color_gradient_end_position_phone=&#8221;10%&#8221; background_enable_image_tablet=&#8221;off&#8221; locked=&#8221;off&#8221; global_colors_info=&#8221;{}&#8221;][et_pb_column type=&#8221;1_3&#8243; _builder_version=&#8221;4.16&#8243; custom_padding=&#8221;|||&#8221; global_colors_info=&#8221;{}&#8221; custom_padding__hover=&#8221;|||&#8221;][\/et_pb_column][et_pb_column type=&#8221;2_3&#8243; specialty_columns=&#8221;2&#8243; _builder_version=&#8221;4.16&#8243; custom_padding=&#8221;|||&#8221; global_colors_info=&#8221;{}&#8221; custom_padding__hover=&#8221;|||&#8221;][et_pb_row_inner _builder_version=&#8221;4.16&#8243; global_colors_info=&#8221;{}&#8221;][et_pb_column_inner saved_specialty_column_type=&#8221;2_3&#8243; _builder_version=&#8221;4.16&#8243; global_colors_info=&#8221;{}&#8221;][et_pb_text _builder_version=&#8221;4.16&#8243; text_text_color=&#8221;rgba(255,255,255,0.5)&#8221; text_font_size=&#8221;16px&#8221; text_line_height=&#8221;1.8em&#8221; header_2_font=&#8221;Montserrat|300|||||||&#8221; header_2_font_size=&#8221;70px&#8221; header_2_line_height=&#8221;1.2em&#8221; header_3_font=&#8221;Montserrat|700||on|||||&#8221; header_3_text_color=&#8221;#f9002b&#8221; header_3_font_size=&#8221;16px&#8221; header_3_letter_spacing=&#8221;2px&#8221; header_3_line_height=&#8221;1.4em&#8221; text_orientation=&#8221;center&#8221; background_layout=&#8221;dark&#8221; module_alignment=&#8221;center&#8221; header_2_font_size_tablet=&#8221;40px&#8221; header_2_font_size_phone=&#8221;30px&#8221; header_2_font_size_last_edited=&#8221;on|phone&#8221; header_3_font_size_tablet=&#8221;14px&#8221; header_3_font_size_phone=&#8221;&#8221; header_3_font_size_last_edited=&#8221;on|phone&#8221; locked=&#8221;off&#8221; global_colors_info=&#8221;{}&#8221;]<\/p>\n<h3 style=\"text-align: left;\">\u00bfTE LLAMAMOS? ELIGE TU EL MEDIO<\/h3>\n<h2 style=\"text-align: left;\">contacta con\u00a0<strong>nosotros<\/strong><\/h2>\n<p>[\/et_pb_text][\/et_pb_column_inner][\/et_pb_row_inner][et_pb_row_inner custom_padding_last_edited=&#8221;on|phone&#8221; _builder_version=&#8221;4.16&#8243; background_color=&#8221;#FFFFFF&#8221; custom_margin=&#8221;-11px|||||&#8221; custom_padding=&#8221;40px|40px|40px|40px|true|true&#8221; custom_padding_tablet=&#8221;30px|30px|30px|30px|true|true&#8221; custom_padding_phone=&#8221;20px|20px|20px|20px|true|true&#8221; border_width_all=&#8221;4px&#8221; border_color_all=&#8221;rgba(110,66,255,0.3)&#8221; global_colors_info=&#8221;{}&#8221;][et_pb_column_inner saved_specialty_column_type=&#8221;2_3&#8243; _builder_version=&#8221;4.16&#8243; background_color=&#8221;#FFFFFF&#8221; global_colors_info=&#8221;{}&#8221;][et_pb_text admin_label=&#8221;Texto&#8221; _builder_version=&#8221;4.16&#8243; global_colors_info=&#8221;{}&#8221;]\n<div class=\"wpcf7 no-js\" id=\"wpcf7-f16469-o1\" lang=\"es-ES\" dir=\"ltr\" data-wpcf7-id=\"16469\">\n<div class=\"screen-reader-response\"><p role=\"status\" aria-live=\"polite\" aria-atomic=\"true\"><\/p> <ul><\/ul><\/div>\n<form action=\"\/web\/wp-json\/wp\/v2\/pages\/16470#wpcf7-f16469-o1\" method=\"post\" class=\"wpcf7-form init\" aria-label=\"Formulario de contacto\" novalidate=\"novalidate\" data-status=\"init\">\n<fieldset class=\"hidden-fields-container\"><input type=\"hidden\" name=\"_wpcf7\" value=\"16469\" \/><input type=\"hidden\" name=\"_wpcf7_version\" value=\"6.1.5\" \/><input type=\"hidden\" name=\"_wpcf7_locale\" value=\"es_ES\" \/><input type=\"hidden\" name=\"_wpcf7_unit_tag\" value=\"wpcf7-f16469-o1\" \/><input type=\"hidden\" name=\"_wpcf7_container_post\" value=\"0\" \/><input type=\"hidden\" name=\"_wpcf7_posted_data_hash\" value=\"\" \/>\n<\/fieldset>\n<p><label> Nombre: (obligatorio)<br \/>\n<span class=\"wpcf7-form-control-wrap\" data-name=\"Nombre\"><input size=\"40\" maxlength=\"400\" class=\"wpcf7-form-control wpcf7-text wpcf7-validates-as-required\" aria-required=\"true\" aria-invalid=\"false\" value=\"\" type=\"text\" name=\"Nombre\" \/><\/span> <\/label>\n<\/p>\n<p><label> Apellidos: (obligatorio)<br \/>\n<span class=\"wpcf7-form-control-wrap\" data-name=\"Apellidos\"><input size=\"40\" maxlength=\"400\" class=\"wpcf7-form-control wpcf7-text wpcf7-validates-as-required\" aria-required=\"true\" aria-invalid=\"false\" value=\"\" type=\"text\" name=\"Apellidos\" \/><\/span> <\/label>\n<\/p>\n<p><label> Empresa:<br \/>\n<span class=\"wpcf7-form-control-wrap\" data-name=\"Empresa\"><input size=\"40\" maxlength=\"400\" class=\"wpcf7-form-control wpcf7-text\" aria-invalid=\"false\" value=\"\" type=\"text\" name=\"Empresa\" \/><\/span> <\/label>\n<\/p>\n<p><label> Ciudad: (obligatorio)<br \/>\n<span class=\"wpcf7-form-control-wrap\" data-name=\"Ciudad\"><input size=\"40\" maxlength=\"400\" class=\"wpcf7-form-control wpcf7-text wpcf7-validates-as-required\" aria-required=\"true\" aria-invalid=\"false\" value=\"\" type=\"text\" name=\"Ciudad\" \/><\/span> <\/label>\n<\/p>\n<p><label> Pa\u00eds: (obligatorio)<br \/>\n<span class=\"wpcf7-form-control-wrap\" data-name=\"Pais\"><input size=\"40\" maxlength=\"400\" class=\"wpcf7-form-control wpcf7-text wpcf7-validates-as-required\" aria-required=\"true\" aria-invalid=\"false\" value=\"\" type=\"text\" name=\"Pais\" \/><\/span> <\/label>\n<\/p>\n<p><label> E-mail: (obligatorio)<br \/>\n<span class=\"wpcf7-form-control-wrap\" data-name=\"Email\"><input size=\"40\" maxlength=\"400\" class=\"wpcf7-form-control wpcf7-email wpcf7-validates-as-required wpcf7-text wpcf7-validates-as-email\" aria-required=\"true\" aria-invalid=\"false\" value=\"\" type=\"email\" name=\"Email\" \/><\/span> <\/label>\n<\/p>\n<p><label> Asunto:<br \/>\n<span class=\"wpcf7-form-control-wrap\" data-name=\"Asunto\"><input size=\"40\" maxlength=\"400\" class=\"wpcf7-form-control wpcf7-text wpcf7-validates-as-required\" aria-required=\"true\" aria-invalid=\"false\" value=\"\" type=\"text\" name=\"Asunto\" \/><\/span> <\/label>\n<\/p>\n<p><label> Medio:<br \/>\n\u00bfPrefieres que te llamemos por tel\u00e9fono tradicional, Google Meet, Zoom, Teams, etc?<br \/>\n<span class=\"wpcf7-form-control-wrap\" data-name=\"Medio\"><input size=\"40\" maxlength=\"400\" class=\"wpcf7-form-control wpcf7-text\" aria-invalid=\"false\" value=\"\" type=\"text\" name=\"Medio\" \/><\/span> <\/label>\n<\/p>\n<p><label> Tus datos seg\u00fan el medio anterior elegido:<br \/>\nTu n\u00famero de tel\u00e9fono, usuario o enlace seg\u00fan el medio.<br \/>\n<span class=\"wpcf7-form-control-wrap\" data-name=\"Medio-contacto\"><input size=\"40\" maxlength=\"400\" class=\"wpcf7-form-control wpcf7-text\" aria-invalid=\"false\" value=\"\" type=\"text\" name=\"Medio-contacto\" \/><\/span> <\/label>\n<\/p>\n<p>Horario y d\u00eda que prefieres que te llamemos:<br \/>\n<label> <span class=\"wpcf7-form-control-wrap\" data-name=\"Horario-dia\"><input size=\"40\" maxlength=\"400\" class=\"wpcf7-form-control wpcf7-text\" aria-invalid=\"false\" value=\"\" type=\"text\" name=\"Horario-dia\" \/><\/span> <\/label>\n<\/p>\n<p><label> Mensaje:<br \/>\nExpl\u00edcanos lo m\u00e1s detalladamente posible qu\u00e9 necesitas.<br \/>\n<span class=\"wpcf7-form-control-wrap\" data-name=\"Mensaje\"><textarea cols=\"40\" rows=\"10\" maxlength=\"2000\" class=\"wpcf7-form-control wpcf7-textarea\" aria-invalid=\"false\" name=\"Mensaje\"><\/textarea><\/span> <\/label>\n<\/p>\n<p>\u00bfC\u00f3mo nos conoci\u00f3?<br \/>\n<span class=\"wpcf7-form-control-wrap\" data-name=\"Comonosconocio\"><select class=\"wpcf7-form-control wpcf7-select\" id=\"como-nos-conocio\" aria-invalid=\"false\" name=\"Comonosconocio\"><option value=\"Por el buscador Google\">Por el buscador Google<\/option><option value=\"Por otro buscador\">Por otro buscador<\/option><option value=\"Amigo\">Amigo<\/option><option value=\"Cliente\">Cliente<\/option><option value=\"Webmaster\">Webmaster<\/option><option value=\"Publicidad en una web\">Publicidad en una web<\/option><option value=\"Publicidad en radio\">Publicidad en radio<\/option><option value=\"Publicidad en peri\u00f3dico\">Publicidad en peri\u00f3dico<\/option><option value=\"Publicidad en revista\">Publicidad en revista<\/option><option value=\"Otros\">Otros<\/option><\/select><\/span>\n<\/p>\n<p><span class=\"wpcf7-form-control-wrap\" data-name=\"aceptacion-politica-privacidad\"><span class=\"wpcf7-form-control wpcf7-checkbox wpcf7-validates-as-required\"><span class=\"wpcf7-list-item first last\"><label><input type=\"checkbox\" name=\"aceptacion-politica-privacidad[]\" value=\"Accepto\" \/><span class=\"wpcf7-list-item-label\">Accepto<\/span><\/label><\/span><\/span><\/span> la <u><a href=\"\/web\/politica-privacidad\/\" target=\"_blank\">Pol\u00edtica de privacidad<\/a><\/u>\n<\/p>\n<p><input class=\"wpcf7-form-control wpcf7-submit has-spinner\" type=\"submit\" value=\"Enviar\" \/>\n<\/p><div class=\"wpcf7-response-output\" aria-hidden=\"true\"><\/div>\n<\/form>\n<\/div>\n[\/et_pb_text][\/et_pb_column_inner][\/et_pb_row_inner][\/et_pb_column][\/et_pb_section]<\/p>\n","protected":false},"excerpt":{"rendered":"<p>\u00bfTE LLAMAMOS? ELIGE TU EL MEDIO contacta con\u00a0nosotros\n<div class=\"wpcf7 no-js\" id=\"wpcf7-f16469-o2\" lang=\"es-ES\" dir=\"ltr\" data-wpcf7-id=\"16469\">\n<div class=\"screen-reader-response\"><p role=\"status\" aria-live=\"polite\" aria-atomic=\"true\"><\/p> <ul><\/ul><\/div>\n<form action=\"\/web\/wp-json\/wp\/v2\/pages\/16470#wpcf7-f16469-o2\" method=\"post\" class=\"wpcf7-form init\" aria-label=\"Formulario de contacto\" novalidate=\"novalidate\" data-status=\"init\">\n<fieldset class=\"hidden-fields-container\"><input type=\"hidden\" name=\"_wpcf7\" value=\"16469\" \/><input type=\"hidden\" name=\"_wpcf7_version\" value=\"6.1.5\" \/><input type=\"hidden\" name=\"_wpcf7_locale\" value=\"es_ES\" \/><input type=\"hidden\" name=\"_wpcf7_unit_tag\" value=\"wpcf7-f16469-o2\" \/><input type=\"hidden\" name=\"_wpcf7_container_post\" value=\"0\" \/><input type=\"hidden\" name=\"_wpcf7_posted_data_hash\" value=\"\" \/>\n<\/fieldset>\n<p><label> Nombre: (obligatorio)<br \/>\n<span class=\"wpcf7-form-control-wrap\" data-name=\"Nombre\"><input size=\"40\" maxlength=\"400\" class=\"wpcf7-form-control wpcf7-text wpcf7-validates-as-required\" aria-required=\"true\" aria-invalid=\"false\" value=\"\" type=\"text\" name=\"Nombre\" \/><\/span> <\/label>\n<\/p>\n<p><label> Apellidos: (obligatorio)<br \/>\n<span class=\"wpcf7-form-control-wrap\" data-name=\"Apellidos\"><input size=\"40\" maxlength=\"400\" class=\"wpcf7-form-control wpcf7-text wpcf7-validates-as-required\" aria-required=\"true\" aria-invalid=\"false\" value=\"\" type=\"text\" name=\"Apellidos\" \/><\/span> <\/label>\n<\/p>\n<p><label> Empresa:<br \/>\n<span class=\"wpcf7-form-control-wrap\" data-name=\"Empresa\"><input size=\"40\" maxlength=\"400\" class=\"wpcf7-form-control wpcf7-text\" aria-invalid=\"false\" value=\"\" type=\"text\" name=\"Empresa\" \/><\/span> <\/label>\n<\/p>\n<p><label> Ciudad: (obligatorio)<br \/>\n<span class=\"wpcf7-form-control-wrap\" data-name=\"Ciudad\"><input size=\"40\" maxlength=\"400\" class=\"wpcf7-form-control wpcf7-text wpcf7-validates-as-required\" aria-required=\"true\" aria-invalid=\"false\" value=\"\" type=\"text\" name=\"Ciudad\" \/><\/span> <\/label>\n<\/p>\n<p><label> Pa\u00eds: (obligatorio)<br \/>\n<span class=\"wpcf7-form-control-wrap\" data-name=\"Pais\"><input size=\"40\" maxlength=\"400\" class=\"wpcf7-form-control wpcf7-text wpcf7-validates-as-required\" aria-required=\"true\" aria-invalid=\"false\" value=\"\" type=\"text\" name=\"Pais\" \/><\/span> <\/label>\n<\/p>\n<p><label> E-mail: (obligatorio)<br \/>\n<span class=\"wpcf7-form-control-wrap\" data-name=\"Email\"><input size=\"40\" maxlength=\"400\" class=\"wpcf7-form-control wpcf7-email wpcf7-validates-as-required wpcf7-text wpcf7-validates-as-email\" aria-required=\"true\" aria-invalid=\"false\" value=\"\" type=\"email\" name=\"Email\" \/><\/span> <\/label>\n<\/p>\n<p><label> Asunto:<br \/>\n<span class=\"wpcf7-form-control-wrap\" data-name=\"Asunto\"><input size=\"40\" maxlength=\"400\" class=\"wpcf7-form-control wpcf7-text wpcf7-validates-as-required\" aria-required=\"true\" aria-invalid=\"false\" value=\"\" type=\"text\" name=\"Asunto\" \/><\/span> <\/label>\n<\/p>\n<p><label> Medio:<br \/>\n\u00bfPrefieres que te llamemos por tel\u00e9fono tradicional, Google Meet, Zoom, Teams, etc?<br \/>\n<span class=\"wpcf7-form-control-wrap\" data-name=\"Medio\"><input size=\"40\" maxlength=\"400\" class=\"wpcf7-form-control wpcf7-text\" aria-invalid=\"false\" value=\"\" type=\"text\" name=\"Medio\" \/><\/span> <\/label>\n<\/p>\n<p><label> Tus datos seg\u00fan el medio anterior elegido:<br \/>\nTu n\u00famero de tel\u00e9fono, usuario o enlace seg\u00fan el medio.<br \/>\n<span class=\"wpcf7-form-control-wrap\" data-name=\"Medio-contacto\"><input size=\"40\" maxlength=\"400\" class=\"wpcf7-form-control wpcf7-text\" aria-invalid=\"false\" value=\"\" type=\"text\" name=\"Medio-contacto\" \/><\/span> <\/label>\n<\/p>\n<p>Horario y d\u00eda que prefieres que te llamemos:<br \/>\n<label> <span class=\"wpcf7-form-control-wrap\" data-name=\"Horario-dia\"><input size=\"40\" maxlength=\"400\" class=\"wpcf7-form-control wpcf7-text\" aria-invalid=\"false\" value=\"\" type=\"text\" name=\"Horario-dia\" \/><\/span> <\/label>\n<\/p>\n<p><label> Mensaje:<br \/>\nExpl\u00edcanos lo m\u00e1s detalladamente posible qu\u00e9 necesitas.<br \/>\n<span class=\"wpcf7-form-control-wrap\" data-name=\"Mensaje\"><textarea cols=\"40\" rows=\"10\" maxlength=\"2000\" class=\"wpcf7-form-control wpcf7-textarea\" aria-invalid=\"false\" name=\"Mensaje\"><\/textarea><\/span> <\/label>\n<\/p>\n<p>\u00bfC\u00f3mo nos conoci\u00f3?<br \/>\n<span class=\"wpcf7-form-control-wrap\" data-name=\"Comonosconocio\"><select class=\"wpcf7-form-control wpcf7-select\" aria-invalid=\"false\" name=\"Comonosconocio\"><option value=\"Por el buscador Google\">Por el buscador Google<\/option><option value=\"Por otro buscador\">Por otro buscador<\/option><option value=\"Amigo\">Amigo<\/option><option value=\"Cliente\">Cliente<\/option><option value=\"Webmaster\">Webmaster<\/option><option value=\"Publicidad en una web\">Publicidad en una web<\/option><option value=\"Publicidad en radio\">Publicidad en radio<\/option><option value=\"Publicidad en peri\u00f3dico\">Publicidad en peri\u00f3dico<\/option><option value=\"Publicidad en revista\">Publicidad en revista<\/option><option value=\"Otros\">Otros<\/option><\/select><\/span>\n<\/p>\n<p><span class=\"wpcf7-form-control-wrap\" data-name=\"aceptacion-politica-privacidad\"><span class=\"wpcf7-form-control wpcf7-checkbox wpcf7-validates-as-required\"><span class=\"wpcf7-list-item first last\"><label><input type=\"checkbox\" name=\"aceptacion-politica-privacidad[]\" value=\"Accepto\" \/><span class=\"wpcf7-list-item-label\">Accepto<\/span><\/label><\/span><\/span><\/span> la <u><a href=\"\/web\/politica-privacidad\/\" target=\"_blank\">Pol\u00edtica de privacidad<\/a><\/u>\n<\/p>\n<p><input class=\"wpcf7-form-control wpcf7-submit has-spinner\" type=\"submit\" value=\"Enviar\" \/>\n<\/p><div class=\"wpcf7-response-output\" aria-hidden=\"true\"><\/div>\n<\/form>\n<\/div>\n<\/p>\n","protected":false},"author":1,"featured_media":0,"parent":0,"menu_order":0,"comment_status":"closed","ping_status":"closed","template":"","meta":{"_et_pb_use_builder":"on","_et_pb_old_content":"","_et_gb_content_width":"","_monsterinsights_skip_tracking":false,"_monsterinsights_sitenote_active":false,"_monsterinsights_sitenote_note":"","_monsterinsights_sitenote_category":0,"_uf_show_specific_survey":0,"_uf_disable_surveys":false,"footnotes":""},"class_list":["post-16470","page","type-page","status-publish","hentry"],"yoast_head":"<!-- This site is optimized with the Yoast SEO plugin v27.4 - https:\/\/yoast.com\/product\/yoast-seo-wordpress\/ -->\n<title>Formulario \u00bfTe llamamos? elige tu el medio - Pixia - Dise\u00f1o p\u00e1ginas web, redes sociales, SEO, marketing, APPs, dise\u00f1o<\/title>\n<meta name=\"robots\" content=\"index, follow, max-snippet:-1, max-image-preview:large, max-video-preview:-1\" \/>\n<link rel=\"canonical\" href=\"https:\/\/www.pixia.es\/web\/formulario-te-llamamos-elige-tu-el-medio\/\" \/>\n<meta property=\"og:locale\" content=\"es_ES\" \/>\n<meta property=\"og:type\" content=\"article\" \/>\n<meta property=\"og:title\" content=\"Formulario \u00bfTe llamamos? elige tu el medio - Pixia - Dise\u00f1o p\u00e1ginas web, redes sociales, SEO, marketing, APPs, dise\u00f1o\" \/>\n<meta property=\"og:description\" content=\"\u00bfTE LLAMAMOS? ELIGE TU EL MEDIO contacta con\u00a0nosotros\" \/>\n<meta property=\"og:url\" content=\"https:\/\/www.pixia.es\/web\/formulario-te-llamamos-elige-tu-el-medio\/\" \/>\n<meta property=\"og:site_name\" content=\"Pixia - Dise\u00f1o p\u00e1ginas web, redes sociales, SEO, marketing, APPs, dise\u00f1o\" \/>\n<meta property=\"article:modified_time\" content=\"2024-01-17T22:51:59+00:00\" \/>\n<meta name=\"twitter:card\" content=\"summary_large_image\" \/>\n<meta name=\"twitter:label1\" content=\"Tiempo de lectura\" \/>\n\t<meta name=\"twitter:data1\" content=\"2 minutos\" \/>\n<script type=\"application\/ld+json\" class=\"yoast-schema-graph\">{\"@context\":\"https:\\\/\\\/schema.org\",\"@graph\":[{\"@type\":\"WebPage\",\"@id\":\"https:\\\/\\\/www.pixia.es\\\/web\\\/formulario-te-llamamos-elige-tu-el-medio\\\/\",\"url\":\"https:\\\/\\\/www.pixia.es\\\/web\\\/formulario-te-llamamos-elige-tu-el-medio\\\/\",\"name\":\"Formulario \u00bfTe llamamos? elige tu el medio - Pixia - Dise\u00f1o p\u00e1ginas web, redes sociales, SEO, marketing, APPs, dise\u00f1o\",\"isPartOf\":{\"@id\":\"https:\\\/\\\/www.pixia.es\\\/web\\\/#website\"},\"datePublished\":\"2020-11-21T09:08:41+00:00\",\"dateModified\":\"2024-01-17T22:51:59+00:00\",\"breadcrumb\":{\"@id\":\"https:\\\/\\\/www.pixia.es\\\/web\\\/formulario-te-llamamos-elige-tu-el-medio\\\/#breadcrumb\"},\"inLanguage\":\"es\",\"potentialAction\":[{\"@type\":\"ReadAction\",\"target\":[\"https:\\\/\\\/www.pixia.es\\\/web\\\/formulario-te-llamamos-elige-tu-el-medio\\\/\"]}]},{\"@type\":\"BreadcrumbList\",\"@id\":\"https:\\\/\\\/www.pixia.es\\\/web\\\/formulario-te-llamamos-elige-tu-el-medio\\\/#breadcrumb\",\"itemListElement\":[{\"@type\":\"ListItem\",\"position\":1,\"name\":\"Portada\",\"item\":\"https:\\\/\\\/www.pixia.es\\\/web\\\/\"},{\"@type\":\"ListItem\",\"position\":2,\"name\":\"Formulario \u00bfTe llamamos? elige tu el medio\"}]},{\"@type\":\"WebSite\",\"@id\":\"https:\\\/\\\/www.pixia.es\\\/web\\\/#website\",\"url\":\"https:\\\/\\\/www.pixia.es\\\/web\\\/\",\"name\":\"Pixia - Dise\u00f1o p\u00e1ginas web, redes sociales, SEO, marketing, APPs, dise\u00f1o\",\"description\":\"Dise\u00f1o p\u00e1ginas web, comercio electr\u00f3nico, redes sociales, imagen corporativa, SEO, posicionamiento, marketing, APPs\",\"publisher\":{\"@id\":\"https:\\\/\\\/www.pixia.es\\\/web\\\/#organization\"},\"potentialAction\":[{\"@type\":\"SearchAction\",\"target\":{\"@type\":\"EntryPoint\",\"urlTemplate\":\"https:\\\/\\\/www.pixia.es\\\/web\\\/?s={search_term_string}\"},\"query-input\":{\"@type\":\"PropertyValueSpecification\",\"valueRequired\":true,\"valueName\":\"search_term_string\"}}],\"inLanguage\":\"es\"},{\"@type\":\"Organization\",\"@id\":\"https:\\\/\\\/www.pixia.es\\\/web\\\/#organization\",\"name\":\"Pixia\",\"url\":\"https:\\\/\\\/www.pixia.es\\\/web\\\/\",\"logo\":{\"@type\":\"ImageObject\",\"inLanguage\":\"es\",\"@id\":\"https:\\\/\\\/www.pixia.es\\\/web\\\/#\\\/schema\\\/logo\\\/image\\\/\",\"url\":\"https:\\\/\\\/www.pixia.es\\\/web\\\/wp-content\\\/uploads\\\/2019\\\/12\\\/logo_pixia.gif\",\"contentUrl\":\"https:\\\/\\\/www.pixia.es\\\/web\\\/wp-content\\\/uploads\\\/2019\\\/12\\\/logo_pixia.gif\",\"width\":124,\"height\":61,\"caption\":\"Pixia\"},\"image\":{\"@id\":\"https:\\\/\\\/www.pixia.es\\\/web\\\/#\\\/schema\\\/logo\\\/image\\\/\"}}]}<\/script>\n<!-- \/ Yoast SEO plugin. -->","yoast_head_json":{"title":"Formulario \u00bfTe llamamos? elige tu el medio - Pixia - Dise\u00f1o p\u00e1ginas web, redes sociales, SEO, marketing, APPs, dise\u00f1o","robots":{"index":"index","follow":"follow","max-snippet":"max-snippet:-1","max-image-preview":"max-image-preview:large","max-video-preview":"max-video-preview:-1"},"canonical":"https:\/\/www.pixia.es\/web\/formulario-te-llamamos-elige-tu-el-medio\/","og_locale":"es_ES","og_type":"article","og_title":"Formulario \u00bfTe llamamos? elige tu el medio - Pixia - Dise\u00f1o p\u00e1ginas web, redes sociales, SEO, marketing, APPs, dise\u00f1o","og_description":"\u00bfTE LLAMAMOS? ELIGE TU EL MEDIO contacta con\u00a0nosotros","og_url":"https:\/\/www.pixia.es\/web\/formulario-te-llamamos-elige-tu-el-medio\/","og_site_name":"Pixia - Dise\u00f1o p\u00e1ginas web, redes sociales, SEO, marketing, APPs, dise\u00f1o","article_modified_time":"2024-01-17T22:51:59+00:00","twitter_card":"summary_large_image","twitter_misc":{"Tiempo de lectura":"2 minutos"},"schema":{"@context":"https:\/\/schema.org","@graph":[{"@type":"WebPage","@id":"https:\/\/www.pixia.es\/web\/formulario-te-llamamos-elige-tu-el-medio\/","url":"https:\/\/www.pixia.es\/web\/formulario-te-llamamos-elige-tu-el-medio\/","name":"Formulario \u00bfTe llamamos? elige tu el medio - Pixia - Dise\u00f1o p\u00e1ginas web, redes sociales, SEO, marketing, APPs, dise\u00f1o","isPartOf":{"@id":"https:\/\/www.pixia.es\/web\/#website"},"datePublished":"2020-11-21T09:08:41+00:00","dateModified":"2024-01-17T22:51:59+00:00","breadcrumb":{"@id":"https:\/\/www.pixia.es\/web\/formulario-te-llamamos-elige-tu-el-medio\/#breadcrumb"},"inLanguage":"es","potentialAction":[{"@type":"ReadAction","target":["https:\/\/www.pixia.es\/web\/formulario-te-llamamos-elige-tu-el-medio\/"]}]},{"@type":"BreadcrumbList","@id":"https:\/\/www.pixia.es\/web\/formulario-te-llamamos-elige-tu-el-medio\/#breadcrumb","itemListElement":[{"@type":"ListItem","position":1,"name":"Portada","item":"https:\/\/www.pixia.es\/web\/"},{"@type":"ListItem","position":2,"name":"Formulario \u00bfTe llamamos? elige tu el medio"}]},{"@type":"WebSite","@id":"https:\/\/www.pixia.es\/web\/#website","url":"https:\/\/www.pixia.es\/web\/","name":"Pixia - Dise\u00f1o p\u00e1ginas web, redes sociales, SEO, marketing, APPs, dise\u00f1o","description":"Dise\u00f1o p\u00e1ginas web, comercio electr\u00f3nico, redes sociales, imagen corporativa, SEO, posicionamiento, marketing, APPs","publisher":{"@id":"https:\/\/www.pixia.es\/web\/#organization"},"potentialAction":[{"@type":"SearchAction","target":{"@type":"EntryPoint","urlTemplate":"https:\/\/www.pixia.es\/web\/?s={search_term_string}"},"query-input":{"@type":"PropertyValueSpecification","valueRequired":true,"valueName":"search_term_string"}}],"inLanguage":"es"},{"@type":"Organization","@id":"https:\/\/www.pixia.es\/web\/#organization","name":"Pixia","url":"https:\/\/www.pixia.es\/web\/","logo":{"@type":"ImageObject","inLanguage":"es","@id":"https:\/\/www.pixia.es\/web\/#\/schema\/logo\/image\/","url":"https:\/\/www.pixia.es\/web\/wp-content\/uploads\/2019\/12\/logo_pixia.gif","contentUrl":"https:\/\/www.pixia.es\/web\/wp-content\/uploads\/2019\/12\/logo_pixia.gif","width":124,"height":61,"caption":"Pixia"},"image":{"@id":"https:\/\/www.pixia.es\/web\/#\/schema\/logo\/image\/"}}]}},"_links":{"self":[{"href":"https:\/\/www.pixia.es\/web\/wp-json\/wp\/v2\/pages\/16470","targetHints":{"allow":["GET"]}}],"collection":[{"href":"https:\/\/www.pixia.es\/web\/wp-json\/wp\/v2\/pages"}],"about":[{"href":"https:\/\/www.pixia.es\/web\/wp-json\/wp\/v2\/types\/page"}],"author":[{"embeddable":true,"href":"https:\/\/www.pixia.es\/web\/wp-json\/wp\/v2\/users\/1"}],"replies":[{"embeddable":true,"href":"https:\/\/www.pixia.es\/web\/wp-json\/wp\/v2\/comments?post=16470"}],"version-history":[{"count":6,"href":"https:\/\/www.pixia.es\/web\/wp-json\/wp\/v2\/pages\/16470\/revisions"}],"predecessor-version":[{"id":18496,"href":"https:\/\/www.pixia.es\/web\/wp-json\/wp\/v2\/pages\/16470\/revisions\/18496"}],"wp:attachment":[{"href":"https:\/\/www.pixia.es\/web\/wp-json\/wp\/v2\/media?parent=16470"}],"curies":[{"name":"wp","href":"https:\/\/api.w.org\/{rel}","templated":true}]}}